{"id":679,"date":"2024-10-01T15:08:33","date_gmt":"2024-10-01T15:08:33","guid":{"rendered":"https:\/\/rekafka.armascreative.fi\/?page_id=679"},"modified":"2024-10-22T01:07:39","modified_gmt":"2024-10-22T01:07:39","slug":"landing-page","status":"publish","type":"page","link":"https:\/\/rekafka.armascreative.fi\/","title":{"rendered":"Landing page"},"content":{"rendered":"\t\t<div data-elementor-type=\"wp-page\" data-elementor-id=\"679\" class=\"elementor elementor-679\">\n\t\t\t\t<div class=\"elementor-element elementor-element-f9a2347 e-flex e-con-boxed wpr-particle-no wpr-jarallax-no wpr-parallax-no wpr-sticky-section-no wpr-equal-height-no e-con e-parent\" data-id=\"f9a2347\" data-element_type=\"container\" data-e-type=\"container\" id=\"home\">\n\t\t\t\t\t<div class=\"e-con-inner\">\n\t\t\t\t<div class=\"elementor-element elementor-element-24b42dd elementor-widget elementor-widget-image\" data-id=\"24b42dd\" data-element_type=\"widget\" data-e-type=\"widget\" data-widget_type=\"image.default\">\n\t\t\t\t<div class=\"elementor-widget-container\">\n\t\t\t\t\t\t\t\t\t\t\t\t\t\t\t<img fetchpriority=\"high\" decoding=\"async\" width=\"2400\" height=\"1769\" src=\"https:\/\/rekafka.armascreative.fi\/wp-content\/uploads\/2024\/10\/Berghall_julist2_2.jpg\" class=\"attachment-full size-full wp-image-765\" alt=\"\" \/>\t\t\t\t\t\t\t\t\t\t\t\t\t\t\t<\/div>\n\t\t\t\t<\/div>\n\t\t\t\t\t<\/div>\n\t\t\t\t<\/div>\n\t\t<div class=\"elementor-element elementor-element-8d637f1 e-flex e-con-boxed wpr-particle-no wpr-jarallax-no wpr-parallax-no wpr-sticky-section-no wpr-equal-height-no e-con e-parent\" data-id=\"8d637f1\" data-element_type=\"container\" data-e-type=\"container\" id=\"introduction\">\n\t\t\t\t\t<div class=\"e-con-inner\">\n\t\t\t\t<div class=\"elementor-element elementor-element-63aaab9 elementor-widget__width-initial elementor-widget-mobile__width-initial elementor-widget elementor-widget-text-editor\" data-id=\"63aaab9\" data-element_type=\"widget\" data-e-type=\"widget\" data-widget_type=\"text-editor.default\">\n\t\t\t\t<div class=\"elementor-widget-container\">\n\t\t\t\t\t\t\t\t\t<p lang=\"fi-FI\"><strong>Bergh\u00e4ll<\/strong> on yhteis\u00f6llinen teatteriprojekti Kallion kaupungin-<br \/>osasta vuonna 2035.<\/p><p>Projektissa yhdistyy fiktiivinen tarina ja dokumenttiteatterin<br \/>keinoin rakennettu sis\u00e4lt\u00f6. Projektissa k\u00e4sitell\u00e4\u00e4n gentrifikaatiota, sen aiheuttamaa kulttuurista muutosta ja konflikteja. Tarinan henkil\u00f6t, heid\u00e4n v\u00e4liset kohtaamiset, ristiriidat ja keskustelut inspiroituvat ja saavat sis\u00e4lt\u00f6ns\u00e4 entisist\u00e4 ja nykyisist\u00e4 Kallion asukkaista.<\/p><p>Bergh\u00e4ll on komedia ja fiktiivinen ymp\u00e4rist\u00f6, jonka sis\u00e4ll\u00e4 voimme huumorin keinoin tarkastella nyky-yhteis\u00f6mme ilmi\u00f6it\u00e4 ja suuntia. <\/p>\t\t\t\t\t\t\t\t<\/div>\n\t\t\t\t<\/div>\n\t\t\t\t<div class=\"elementor-element elementor-element-23d3928 elementor-widget__width-initial elementor-widget-tablet__width-initial elementor-widget-mobile__width-initial elementor-widget elementor-widget-image\" data-id=\"23d3928\" data-element_type=\"widget\" data-e-type=\"widget\" data-widget_type=\"image.default\">\n\t\t\t\t<div class=\"elementor-widget-container\">\n\t\t\t\t\t\t\t\t\t\t\t\t\t\t\t<img decoding=\"async\" width=\"800\" height=\"590\" src=\"https:\/\/rekafka.armascreative.fi\/wp-content\/uploads\/2024\/10\/Berghall_kuvitus_tytto.jpg\" class=\"attachment-large size-large wp-image-772\" alt=\"\" \/>\t\t\t\t\t\t\t\t\t\t\t\t\t\t\t<\/div>\n\t\t\t\t<\/div>\n\t\t\t\t\t<\/div>\n\t\t\t\t<\/div>\n\t\t<div class=\"elementor-element elementor-element-27844b9 e-flex e-con-boxed wpr-particle-no wpr-jarallax-no wpr-parallax-no wpr-sticky-section-no wpr-equal-height-no e-con e-parent\" data-id=\"27844b9\" data-element_type=\"container\" data-e-type=\"container\" id=\"eugoals\">\n\t\t\t\t\t<div class=\"e-con-inner\">\n\t\t<div class=\"elementor-element elementor-element-d9b06ce e-con-full e-flex wpr-particle-no wpr-jarallax-no wpr-parallax-no wpr-sticky-section-no wpr-equal-height-no e-con e-child\" data-id=\"d9b06ce\" data-element_type=\"container\" data-e-type=\"container\">\n\t\t\t\t<div class=\"elementor-element elementor-element-ccfa373 elementor-widget elementor-widget-heading\" data-id=\"ccfa373\" data-element_type=\"widget\" data-e-type=\"widget\" data-widget_type=\"heading.default\">\n\t\t\t\t<div class=\"elementor-widget-container\">\n\t\t\t\t\t<h2 class=\"elementor-heading-title elementor-size-default\">Teoksen muoto<\/h2>\t\t\t\t<\/div>\n\t\t\t\t<\/div>\n\t\t\t\t<\/div>\n\t\t<div class=\"elementor-element elementor-element-190194c e-con-full e-flex wpr-particle-no wpr-jarallax-no wpr-parallax-no wpr-sticky-section-no wpr-equal-height-no e-con e-child\" data-id=\"190194c\" data-element_type=\"container\" data-e-type=\"container\">\n\t\t<div class=\"elementor-element elementor-element-1fb15fb e-con-full e-flex wpr-particle-no wpr-jarallax-no wpr-parallax-no wpr-sticky-section-no wpr-equal-height-no e-con e-child\" data-id=\"1fb15fb\" data-element_type=\"container\" data-e-type=\"container\">\n\t\t<div class=\"elementor-element elementor-element-22e8db1 e-con-full e-flex wpr-particle-no wpr-jarallax-no wpr-parallax-no wpr-sticky-section-no wpr-equal-height-no e-con e-child\" data-id=\"22e8db1\" data-element_type=\"container\" data-e-type=\"container\">\n\t\t\t\t<div class=\"elementor-element elementor-element-62bcda4 elementor-widget__width-initial elementor-widget-mobile__width-initial elementor-widget elementor-widget-text-editor\" data-id=\"62bcda4\" data-element_type=\"widget\" data-e-type=\"widget\" data-widget_type=\"text-editor.default\">\n\t\t\t\t<div class=\"elementor-widget-container\">\n\t\t\t\t\t\t\t\t\t<p lang=\"fi-FI\">Projektissa yhdistyy fiktiivinen tarina ja dokumenttiteatterin keinoin rakennettu sis\u00e4lt\u00f6. Projektissa k\u00e4sitell\u00e4\u00e4n gentrifikaatiota, sen aiheuttamaa kulttuurista muutosta ja konflikteja. Tarinan henkil\u00f6t, heid\u00e4n v\u00e4liset kohtaamiset, ristiriidat ja keskustelut inspiroituvat ja saavat sis\u00e4lt\u00f6ns\u00e4 entisist\u00e4 ja nykyisist\u00e4 Kallion asukkaista.<\/p><p>\u00a0<\/p>\t\t\t\t\t\t\t\t<\/div>\n\t\t\t\t<\/div>\n\t\t\t\t<\/div>\n\t\t<div class=\"elementor-element elementor-element-b724d01 e-con-full e-flex wpr-particle-no wpr-jarallax-no wpr-parallax-no wpr-sticky-section-no wpr-equal-height-no e-con e-child\" data-id=\"b724d01\" data-element_type=\"container\" data-e-type=\"container\">\n\t\t\t\t<div class=\"elementor-element elementor-element-3e3ad2f elementor-widget__width-initial elementor-widget-mobile__width-initial elementor-widget elementor-widget-image\" data-id=\"3e3ad2f\" data-element_type=\"widget\" data-e-type=\"widget\" data-widget_type=\"image.default\">\n\t\t\t\t<div class=\"elementor-widget-container\">\n\t\t\t\t\t\t\t\t\t\t\t\t\t\t\t<img decoding=\"async\" width=\"800\" height=\"590\" src=\"https:\/\/rekafka.armascreative.fi\/wp-content\/uploads\/2024\/10\/Berghall_kuvitus_nilsson.jpg\" class=\"attachment-large size-large wp-image-770\" alt=\"\" \/>\t\t\t\t\t\t\t\t\t\t\t\t\t\t\t<\/div>\n\t\t\t\t<\/div>\n\t\t\t\t<\/div>\n\t\t\t\t<\/div>\n\t\t\t\t<\/div>\n\t\t<div class=\"elementor-element elementor-element-ad7b04f e-con-full e-flex wpr-particle-no wpr-jarallax-no wpr-parallax-no wpr-sticky-section-no wpr-equal-height-no e-con e-child\" data-id=\"ad7b04f\" data-element_type=\"container\" data-e-type=\"container\" id=\"eufunding\">\n\t\t<div class=\"elementor-element elementor-element-727300e e-con-full e-flex wpr-particle-no wpr-jarallax-no wpr-parallax-no wpr-sticky-section-no wpr-equal-height-no e-con e-child\" data-id=\"727300e\" data-element_type=\"container\" data-e-type=\"container\">\n\t\t\t\t<div class=\"elementor-element elementor-element-db0c21e elementor-widget elementor-widget-heading\" data-id=\"db0c21e\" data-element_type=\"widget\" data-e-type=\"widget\" data-widget_type=\"heading.default\">\n\t\t\t\t<div class=\"elementor-widget-container\">\n\t\t\t\t\t<h2 class=\"elementor-heading-title elementor-size-default\">Tarina<\/h2>\t\t\t\t<\/div>\n\t\t\t\t<\/div>\n\t\t\t\t<\/div>\n\t\t<div class=\"elementor-element elementor-element-67885e5 e-con-full e-flex wpr-particle-no wpr-jarallax-no wpr-parallax-no wpr-sticky-section-no wpr-equal-height-no e-con e-child\" data-id=\"67885e5\" data-element_type=\"container\" data-e-type=\"container\">\n\t\t<div class=\"elementor-element elementor-element-1332e9e e-con-full e-flex wpr-particle-no wpr-jarallax-no wpr-parallax-no wpr-sticky-section-no wpr-equal-height-no e-con e-child\" data-id=\"1332e9e\" data-element_type=\"container\" data-e-type=\"container\">\n\t\t\t\t<div class=\"elementor-element elementor-element-9328327 elementor-widget__width-initial elementor-widget elementor-widget-text-editor\" data-id=\"9328327\" data-element_type=\"widget\" data-e-type=\"widget\" data-widget_type=\"text-editor.default\">\n\t\t\t\t<div class=\"elementor-widget-container\">\n\t\t\t\t\t\t\t\t\t<p lang=\"fi-FI\">Elet\u00e4\u00e4n vuotta 2035 Helsingin Kalliossa. Kadut ovat puhtaita ja tyhji\u00e4. Siell\u00e4 t\u00e4\u00e4ll\u00e4 liikkuvat hiljaiset s\u00e4hk\u00f6autot ja automaattil\u00e4hetit vieden fuusiokitcheni\u00e4 suoraan asuntoihin. Lapset kulkeutuvat itseohjautuvassa pikkubussissa kouluihinsa, itsen\u00e4iset imurit imev\u00e4t maahan putoavat lehdet, eik\u00e4 poliisikaan<br \/>partioi, vaan j\u00e4rjestyksenvalvontaa toimittaa teko\u00e4ly.<\/p><p>Gentrifikaatiosta on lopulta mennyt liian pitk\u00e4lle ja jopa hillitysti charmikas ylempikeskiluokka kyll\u00e4styy. Asuinalue menett\u00e4\u00e4 kiinnostavuutensa ja hinnat romahtavat. Start-up yhti\u00f6 tarjoaa ratkaisua: vuokrataan Kallion vanhoja asukkaita, kokeellisia taiteiljoita, punkkareita, ekoaktivisteja, kodittomia, maahanmuuttajia, jne. takaisin sen kaduille esitt\u00e4m\u00e4\u00e4n itse\u00e4\u00e4n. N\u00e4in saadaan, konsulttiyhti\u00f6n toimarin Nihlssonin mukaan: &#8220;romantiikka, sex-appeal ja rosoisuus takaisin&#8221;, mutta nykyisin Kallion asuttavalle ylemm\u00e4lle keskiluokalle sopivalla tavalla: esteettisesti hallitusti ja turvallisesti. Nelj\u00e4 n\u00e4ist\u00e4 uusista vuokrattavista muodostavat tarinan p\u00e4\u00e4hahmot.<\/p><p lang=\"fi-FI\"><span style=\"font-family: Times New Roman, Times, serif;\">\u00a0<\/span><\/p>\t\t\t\t\t\t\t\t<\/div>\n\t\t\t\t<\/div>\n\t\t\t\t<\/div>\n\t\t<div class=\"elementor-element elementor-element-8f1fff2 e-con-full e-flex wpr-particle-no wpr-jarallax-no wpr-parallax-no wpr-sticky-section-no wpr-equal-height-no e-con e-child\" data-id=\"8f1fff2\" data-element_type=\"container\" data-e-type=\"container\">\n\t\t\t\t<div class=\"elementor-element elementor-element-a7f481e elementor-widget__width-initial elementor-widget elementor-widget-image\" data-id=\"a7f481e\" data-element_type=\"widget\" data-e-type=\"widget\" data-widget_type=\"image.default\">\n\t\t\t\t<div class=\"elementor-widget-container\">\n\t\t\t\t\t\t\t\t\t\t\t\t\t\t\t<img loading=\"lazy\" decoding=\"async\" width=\"800\" height=\"590\" src=\"https:\/\/rekafka.armascreative.fi\/wp-content\/uploads\/2024\/10\/Berghall_kuvitus_hh.jpg\" class=\"attachment-large size-large wp-image-774\" alt=\"\" \/>\t\t\t\t\t\t\t\t\t\t\t\t\t\t\t<\/div>\n\t\t\t\t<\/div>\n\t\t\t\t<\/div>\n\t\t\t\t<\/div>\n\t\t\t\t<\/div>\n\t\t<div class=\"elementor-element elementor-element-06302ae e-flex e-con-boxed wpr-particle-no wpr-jarallax-no wpr-parallax-no wpr-sticky-section-no wpr-equal-height-no e-con e-child\" data-id=\"06302ae\" data-element_type=\"container\" data-e-type=\"container\" id=\"howcanwehelp\">\n\t\t\t\t\t<div class=\"e-con-inner\">\n\t\t<div class=\"elementor-element elementor-element-503cea3 e-con-full e-flex wpr-particle-no wpr-jarallax-no wpr-parallax-no wpr-sticky-section-no wpr-equal-height-no e-con e-child\" data-id=\"503cea3\" data-element_type=\"container\" data-e-type=\"container\">\n\t\t\t\t<div class=\"elementor-element elementor-element-2fe0fcc elementor-widget elementor-widget-heading\" data-id=\"2fe0fcc\" data-element_type=\"widget\" data-e-type=\"widget\" data-widget_type=\"heading.default\">\n\t\t\t\t<div class=\"elementor-widget-container\">\n\t\t\t\t\t<h2 class=\"elementor-heading-title elementor-size-default\">tekoprosessi<\/h2>\t\t\t\t<\/div>\n\t\t\t\t<\/div>\n\t\t<div class=\"elementor-element elementor-element-b958b4d e-con-full e-flex wpr-particle-no wpr-jarallax-no wpr-parallax-no wpr-sticky-section-no wpr-equal-height-no e-con e-child\" data-id=\"b958b4d\" data-element_type=\"container\" data-e-type=\"container\">\n\t\t\t\t<div class=\"elementor-element elementor-element-8f9a6f0 elementor-widget__width-initial elementor-widget elementor-widget-image\" data-id=\"8f9a6f0\" data-element_type=\"widget\" data-e-type=\"widget\" data-widget_type=\"image.default\">\n\t\t\t\t<div class=\"elementor-widget-container\">\n\t\t\t\t\t\t\t\t\t\t\t\t\t\t\t<img loading=\"lazy\" decoding=\"async\" width=\"800\" height=\"507\" src=\"https:\/\/rekafka.armascreative.fi\/wp-content\/uploads\/2024\/10\/Berghall_kuvitus_jantteri.jpg\" class=\"attachment-large size-large wp-image-775\" alt=\"\" \/>\t\t\t\t\t\t\t\t\t\t\t\t\t\t\t<\/div>\n\t\t\t\t<\/div>\n\t\t<div class=\"elementor-element elementor-element-d511e31 e-con-full e-flex wpr-particle-no wpr-jarallax-no wpr-parallax-no wpr-sticky-section-no wpr-equal-height-no e-con e-child\" data-id=\"d511e31\" data-element_type=\"container\" data-e-type=\"container\">\n\t\t\t\t<div class=\"elementor-element elementor-element-dcf41b3 elementor-widget__width-initial elementor-widget elementor-widget-text-editor\" data-id=\"dcf41b3\" data-element_type=\"widget\" data-e-type=\"widget\" data-widget_type=\"text-editor.default\">\n\t\t\t\t<div class=\"elementor-widget-container\">\n\t\t\t\t\t\t\t\t\t<p>Fiktiivisen raamin ja dokumentaarisen sis\u00e4ll\u00f6n yhdist\u00e4v\u00e4n teoksen luova prosessi perustuu ensin tiedonkeruuseen nyky-Kalliossa. Tietoa ker\u00e4t\u00e4\u00e4n haastattelemalla paikallisia asukkaita, jotka tuntevat kaupunginosan hahmot ja tarinat viimeiselt\u00e4 40 vuodelta. T\u00e4ten tarinan pohjaksi saadaan todellisiin tarinoihin ja henkil\u00f6ihin perustuvaa sis\u00e4lt\u00f6\u00e4. My\u00f6s mm. kaupungin virkamiehi\u00e4 ja poliitikkoja haastatellaan, jotta saadaan realistinen n\u00e4kemys heid\u00e4n n\u00e4k\u00f6kulmasta. Tutkimme my\u00f6s kaupunginosan kirjoitettua kulttuurihistoriaa.<\/p><p>Kun dokumentaarinen materiaali on ker\u00e4tty, alkaa esitt\u00e4v\u00e4n taiteen metodeihin perustuva harjoittelujakso teatterissa. Nelj\u00e4n n\u00e4yttelij\u00e4n v\u00e4liseen \u2018devising\u2019-prosessiin (materiaalin ty\u00f6st\u00f6 ja luominen improvisaation keinoin) perustuva ty\u00f6skentely kehitt\u00e4\u00e4 dokumentaarisen sis\u00e4ll\u00f6n esitysmuotoon ja osaksi tarinaa. Tekij\u00f6iden omat kokemukset uusina ja vanhoina kalliolaisina toimivat my\u00f6s teoksen sis\u00e4lt\u00f6n\u00e4. T\u00e4m\u00e4n vuoksi fiktiivinen tarina on alussa vain prologi, joka asettelee tarinan konfliktit, p\u00e4\u00e4hahmot ja tavoitteet, mutta lopulta selvi\u00e4\u00e4 miten tarina syntyy, kehittyy ja ratkeaa vasta luovassa prosessissa.<\/p>\t\t\t\t\t\t\t\t<\/div>\n\t\t\t\t<\/div>\n\t\t\t\t<\/div>\n\t\t\t\t<\/div>\n\t\t\t\t<\/div>\n\t\t\t\t\t<\/div>\n\t\t\t\t<\/div>\n\t\t\t\t\t<\/div>\n\t\t\t\t<\/div>\n\t\t<div class=\"elementor-element elementor-element-f0018af e-flex e-con-boxed wpr-particle-no wpr-jarallax-no wpr-parallax-no wpr-sticky-section-no wpr-equal-height-no e-con e-parent\" data-id=\"f0018af\" data-element_type=\"container\" data-e-type=\"container\" id=\"contact\">\n\t\t\t\t\t<div class=\"e-con-inner\">\n\t\t<div class=\"elementor-element elementor-element-23f7a35 e-con-full e-flex wpr-particle-no wpr-jarallax-no wpr-parallax-no wpr-sticky-section-no wpr-equal-height-no e-con e-child\" data-id=\"23f7a35\" data-element_type=\"container\" data-e-type=\"container\" id=\"contact\">\n\t\t\t\t<div class=\"elementor-element elementor-element-788408c elementor-widget elementor-widget-heading\" data-id=\"788408c\" data-element_type=\"widget\" data-e-type=\"widget\" data-widget_type=\"heading.default\">\n\t\t\t\t<div class=\"elementor-widget-container\">\n\t\t\t\t\t<h2 class=\"elementor-heading-title elementor-size-default\">Tekij\u00e4t<\/h2>\t\t\t\t<\/div>\n\t\t\t\t<\/div>\n\t\t\t\t<\/div>\n\t\t<div class=\"elementor-element elementor-element-62961de e-con-full e-flex wpr-particle-no wpr-jarallax-no wpr-parallax-no wpr-sticky-section-no wpr-equal-height-no e-con e-child\" data-id=\"62961de\" data-element_type=\"container\" data-e-type=\"container\">\n\t\t<div class=\"elementor-element elementor-element-ef47a38 e-con-full e-flex wpr-particle-no wpr-jarallax-no wpr-parallax-no wpr-sticky-section-no wpr-equal-height-no e-con e-child\" data-id=\"ef47a38\" data-element_type=\"container\" data-e-type=\"container\">\n\t\t\t\t<div class=\"elementor-element elementor-element-eecb179 elementor-widget__width-initial elementor-widget elementor-widget-text-editor\" data-id=\"eecb179\" data-element_type=\"widget\" data-e-type=\"widget\" data-widget_type=\"text-editor.default\">\n\t\t\t\t<div class=\"elementor-widget-container\">\n\t\t\t\t\t\t\t\t\t<p><strong>Sakari Laurila<\/strong>, teoksen kirjoittaja ja tuottaja, on helsinkil\u00e4inen teatteri- ja elokuvantekij\u00e4. H\u00e4n on mm. ty\u00f6skennellyt teatterin parissa, k\u00e4sikirjoittajana, yhteistuottajana ja esiintyj\u00e4n\u00e4 eri ohjaajien ja koreografien teatteriprojekteissa ymp\u00e4ri Eurooppaa. H\u00e4n on aiemmin kirjoittanut k\u00e4sikirjoituksia teatterin lis\u00e4ksi dokumentti-, lyhyt- ja kokoillan elokuviin.<\/p><p>Portfolio: portfolio.lumimaa.org<\/p><p>S\u00e4hk\u00f6posti: sakari at armascreative.fi<\/p>\t\t\t\t\t\t\t\t<\/div>\n\t\t\t\t<\/div>\n\t\t\t\t<div class=\"elementor-element elementor-element-a52d2fe elementor-widget__width-initial elementor-widget elementor-widget-text-editor\" data-id=\"a52d2fe\" data-element_type=\"widget\" data-e-type=\"widget\" data-widget_type=\"text-editor.default\">\n\t\t\t\t<div class=\"elementor-widget-container\">\n\t\t\t\t\t\t\t\t\t<p><strong>Selina Sihvola<\/strong> on uuden sukupolven monipuolinen n\u00e4yttelij\u00e4-ohjaaja. Liike, klassinen musiikki, kohtaamiset sek\u00e4 ihmisen mielen tiedostamattomat ilmi\u00f6t inspiroivat h\u00e4nt\u00e4. Teatterin kautta h\u00e4n tutkii ja kuvaa nykykulttuuriamme ja kyseenalaistaa totuttuja toimintatapoja. Selinalla on pitk\u00e4 klassisen musiikin koulutustausta Sellon kanssa. H\u00e4n on esiintynyt useissa teatteri- ja lyhytelokuvaproduktioissa. <\/p>\t\t\t\t\t\t\t\t<\/div>\n\t\t\t\t<\/div>\n\t\t\t\t<\/div>\n\t\t\t\t<\/div>\n\t\t\t\t\t<\/div>\n\t\t\t\t<\/div>\n\t\t\t\t<\/div>\n\t\t","protected":false},"excerpt":{"rendered":"<p>Bergh\u00e4ll on yhteis\u00f6llinen teatteriprojekti Kallion kaupungin-osasta vuonna 2035. Projektissa yhdistyy fiktiivinen tarina ja dokumenttiteatterinkeinoin rakennettu sis\u00e4lt\u00f6. Projektissa k\u00e4sitell\u00e4\u00e4n gentrifikaatiota, sen aiheuttamaa kulttuurista muutosta ja konflikteja. Tarinan henkil\u00f6t, heid\u00e4n v\u00e4liset kohtaamiset, ristiriidat ja keskustelut inspiroituvat ja saavat sis\u00e4lt\u00f6ns\u00e4 entisist\u00e4 ja nykyisist\u00e4 Kallion asukkaista. Bergh\u00e4ll on komedia ja fiktiivinen ymp\u00e4rist\u00f6, jonka sis\u00e4ll\u00e4 voimme huumorin keinoin tarkastella nyky-yhteis\u00f6mme ilmi\u00f6it\u00e4 ja suuntia. Teoksen muoto Projektissa yhdistyy fiktiivinen tarina ja dokumenttiteatterin keinoin rakennettu sis\u00e4lt\u00f6. Projektissa k\u00e4sitell\u00e4\u00e4n gentrifikaatiota, sen aiheuttamaa kulttuurista muutosta ja konflikteja. Tarinan henkil\u00f6t, heid\u00e4n v\u00e4liset kohtaamiset, ristiriidat ja keskustelut inspiroituvat ja saavat sis\u00e4lt\u00f6ns\u00e4 entisist\u00e4 ja nykyisist\u00e4 Kallion asukkaista. \u00a0 Tarina Elet\u00e4\u00e4n vuotta 2035 Helsingin Kalliossa. Kadut ovat puhtaita ja tyhji\u00e4. Siell\u00e4 t\u00e4\u00e4ll\u00e4 liikkuvat hiljaiset s\u00e4hk\u00f6autot ja automaattil\u00e4hetit vieden fuusiokitcheni\u00e4 suoraan asuntoihin. Lapset kulkeutuvat itseohjautuvassa pikkubussissa kouluihinsa, itsen\u00e4iset imurit imev\u00e4t maahan putoavat lehdet, eik\u00e4 poliisikaanpartioi, vaan j\u00e4rjestyksenvalvontaa toimittaa teko\u00e4ly. Gentrifikaatiosta on lopulta mennyt liian pitk\u00e4lle ja jopa hillitysti charmikas ylempikeskiluokka kyll\u00e4styy. Asuinalue menett\u00e4\u00e4 kiinnostavuutensa ja hinnat romahtavat. Start-up yhti\u00f6 tarjoaa ratkaisua: vuokrataan Kallion vanhoja asukkaita, kokeellisia taiteiljoita, punkkareita, ekoaktivisteja, kodittomia, maahanmuuttajia, jne. takaisin sen kaduille esitt\u00e4m\u00e4\u00e4n itse\u00e4\u00e4n. N\u00e4in saadaan, konsulttiyhti\u00f6n toimarin Nihlssonin mukaan: &#8220;romantiikka, sex-appeal ja rosoisuus takaisin&#8221;, mutta nykyisin Kallion asuttavalle ylemm\u00e4lle keskiluokalle sopivalla tavalla: esteettisesti hallitusti ja turvallisesti. Nelj\u00e4 n\u00e4ist\u00e4 uusista vuokrattavista muodostavat tarinan p\u00e4\u00e4hahmot. \u00a0 tekoprosessi Fiktiivisen raamin ja dokumentaarisen sis\u00e4ll\u00f6n yhdist\u00e4v\u00e4n teoksen luova prosessi perustuu ensin tiedonkeruuseen nyky-Kalliossa. Tietoa ker\u00e4t\u00e4\u00e4n haastattelemalla paikallisia asukkaita, jotka tuntevat kaupunginosan hahmot ja tarinat viimeiselt\u00e4 40 vuodelta. T\u00e4ten tarinan pohjaksi saadaan todellisiin tarinoihin ja henkil\u00f6ihin perustuvaa sis\u00e4lt\u00f6\u00e4. My\u00f6s mm. kaupungin virkamiehi\u00e4 ja poliitikkoja haastatellaan, jotta saadaan realistinen n\u00e4kemys heid\u00e4n n\u00e4k\u00f6kulmasta. Tutkimme my\u00f6s kaupunginosan kirjoitettua kulttuurihistoriaa. Kun dokumentaarinen materiaali on ker\u00e4tty, alkaa esitt\u00e4v\u00e4n taiteen metodeihin perustuva harjoittelujakso teatterissa. Nelj\u00e4n n\u00e4yttelij\u00e4n v\u00e4liseen \u2018devising\u2019-prosessiin (materiaalin ty\u00f6st\u00f6 ja luominen improvisaation keinoin) perustuva ty\u00f6skentely kehitt\u00e4\u00e4 dokumentaarisen sis\u00e4ll\u00f6n esitysmuotoon ja osaksi tarinaa. Tekij\u00f6iden omat kokemukset uusina ja vanhoina kalliolaisina toimivat my\u00f6s teoksen sis\u00e4lt\u00f6n\u00e4. T\u00e4m\u00e4n vuoksi fiktiivinen tarina on alussa vain prologi, joka asettelee tarinan konfliktit, p\u00e4\u00e4hahmot ja tavoitteet, mutta lopulta selvi\u00e4\u00e4 miten tarina syntyy, kehittyy ja ratkeaa vasta luovassa prosessissa. Tekij\u00e4t Sakari Laurila, teoksen kirjoittaja ja tuottaja, on helsinkil\u00e4inen teatteri- ja elokuvantekij\u00e4. H\u00e4n on mm. ty\u00f6skennellyt teatterin parissa, k\u00e4sikirjoittajana, yhteistuottajana ja esiintyj\u00e4n\u00e4 eri ohjaajien ja koreografien teatteriprojekteissa ymp\u00e4ri Eurooppaa. H\u00e4n on aiemmin kirjoittanut k\u00e4sikirjoituksia teatterin lis\u00e4ksi dokumentti-, lyhyt- ja kokoillan elokuviin. Portfolio: portfolio.lumimaa.org S\u00e4hk\u00f6posti: sakari at armascreative.fi Selina Sihvola on uuden sukupolven monipuolinen n\u00e4yttelij\u00e4-ohjaaja. Liike, klassinen musiikki, kohtaamiset sek\u00e4 ihmisen mielen tiedostamattomat ilmi\u00f6t inspiroivat h\u00e4nt\u00e4. Teatterin kautta h\u00e4n tutkii ja kuvaa nykykulttuuriamme ja kyseenalaistaa totuttuja toimintatapoja. Selinalla on pitk\u00e4 klassisen musiikin koulutustausta Sellon kanssa. H\u00e4n on esiintynyt useissa teatteri- ja lyhytelokuvaproduktioissa.<\/p>\n","protected":false},"author":1,"featured_media":0,"parent":0,"menu_order":0,"comment_status":"closed","ping_status":"closed","template":"elementor_canvas","meta":{"_eb_attr":"","footnotes":""},"class_list":["post-679","page","type-page","status-publish","hentry"],"_links":{"self":[{"href":"https:\/\/rekafka.armascreative.fi\/index.php?rest_route=\/wp\/v2\/pages\/679","targetHints":{"allow":["GET"]}}],"collection":[{"href":"https:\/\/rekafka.armascreative.fi\/index.php?rest_route=\/wp\/v2\/pages"}],"about":[{"href":"https:\/\/rekafka.armascreative.fi\/index.php?rest_route=\/wp\/v2\/types\/page"}],"author":[{"embeddable":true,"href":"https:\/\/rekafka.armascreative.fi\/index.php?rest_route=\/wp\/v2\/users\/1"}],"replies":[{"embeddable":true,"href":"https:\/\/rekafka.armascreative.fi\/index.php?rest_route=%2Fwp%2Fv2%2Fcomments&post=679"}],"version-history":[{"count":69,"href":"https:\/\/rekafka.armascreative.fi\/index.php?rest_route=\/wp\/v2\/pages\/679\/revisions"}],"predecessor-version":[{"id":794,"href":"https:\/\/rekafka.armascreative.fi\/index.php?rest_route=\/wp\/v2\/pages\/679\/revisions\/794"}],"wp:attachment":[{"href":"https:\/\/rekafka.armascreative.fi\/index.php?rest_route=%2Fwp%2Fv2%2Fmedia&parent=679"}],"curies":[{"name":"wp","href":"https:\/\/api.w.org\/{rel}","templated":true}]}}